{"id":11,"date":"2025-05-08T13:53:13","date_gmt":"2025-05-08T13:53:13","guid":{"rendered":"https:\/\/www.antlerfinance.fi\/?page_id=11"},"modified":"2025-05-12T14:41:44","modified_gmt":"2025-05-12T14:41:44","slug":"antler-finance","status":"publish","type":"page","link":"https:\/\/www.antlerfinance.fi\/","title":{"rendered":"Antler Finance"},"content":{"rendered":"\t\t<div data-elementor-type=\"wp-page\" data-elementor-id=\"11\" class=\"elementor elementor-11\" data-elementor-post-type=\"page\">\n\t\t\t\t<div class=\"elementor-element elementor-element-b1f2d85 e-flex e-con-boxed e-con e-parent\" data-id=\"b1f2d85\" data-element_type=\"container\" data-e-type=\"container\" data-settings=\"{&quot;background_background&quot;:&quot;classic&quot;}\">\n\t\t\t\t\t<div class=\"e-con-inner\">\n\t\t<div class=\"elementor-element elementor-element-3dfed81 e-con-full e-flex e-con e-child\" data-id=\"3dfed81\" data-element_type=\"container\" data-e-type=\"container\" data-settings=\"{&quot;background_background&quot;:&quot;classic&quot;}\">\n\t\t\t\t<div class=\"elementor-element elementor-element-a9819b5 elementor-widget elementor-widget-heading\" data-id=\"a9819b5\" data-element_type=\"widget\" data-e-type=\"widget\" data-widget_type=\"heading.default\">\n\t\t\t\t<div class=\"elementor-widget-container\">\n\t\t\t\t\t<h2 class=\"elementor-heading-title elementor-size-default\">Antler Finance \u2013 Kasvussa mukana.\n\n<\/h2>\t\t\t\t<\/div>\n\t\t\t\t<\/div>\n\t\t\t\t<div class=\"elementor-element elementor-element-333f8cb elementor-widget elementor-widget-text-editor\" data-id=\"333f8cb\" data-element_type=\"widget\" data-e-type=\"widget\" data-widget_type=\"text-editor.default\">\n\t\t\t\t<div class=\"elementor-widget-container\">\n\t\t\t\t\t\t\t\t\tAntler Finance on h\u00e4meenlinnalainen p\u00e4\u00e4omasijoitusyhti\u00f6, joka keskittyy kasvuyhti\u00f6ihin. Olemme pitk\u00e4j\u00e4nteinen kumppani, joka osallistuu aktiivisesti yritysten kehitt\u00e4miseen.\t\t\t\t\t\t\t\t<\/div>\n\t\t\t\t<\/div>\n\t\t\t\t<div class=\"elementor-element elementor-element-f14a06f elementor-widget elementor-widget-button\" data-id=\"f14a06f\" data-element_type=\"widget\" data-e-type=\"widget\" data-widget_type=\"button.default\">\n\t\t\t\t<div class=\"elementor-widget-container\">\n\t\t\t\t\t\t\t\t\t<div class=\"elementor-button-wrapper\">\n\t\t\t\t\t<a class=\"elementor-button elementor-button-link elementor-size-sm\" href=\"https:\/\/www.antlerfinance.fi\/index.php\/ota-yhteytta\/\">\n\t\t\t\t\t\t<span class=\"elementor-button-content-wrapper\">\n\t\t\t\t\t\t\t\t\t<span class=\"elementor-button-text\">Ota yhteytt\u00e4<\/span>\n\t\t\t\t\t<\/span>\n\t\t\t\t\t<\/a>\n\t\t\t\t<\/div>\n\t\t\t\t\t\t\t\t<\/div>\n\t\t\t\t<\/div>\n\t\t\t\t<\/div>\n\t\t\t\t\t<\/div>\n\t\t\t\t<\/div>\n\t\t\t\t<\/div>\n\t\t","protected":false},"excerpt":{"rendered":"<p>Antler Finance \u2013 Kasvussa mukana. Antler Finance on h\u00e4meenlinnalainen p\u00e4\u00e4omasijoitusyhti\u00f6, joka keskittyy kasvuyhti\u00f6ihin. Olemme pitk\u00e4j\u00e4nteinen kumppani, joka osallistuu aktiivisesti yritysten kehitt\u00e4miseen. Ota yhteytt\u00e4<\/p>\n","protected":false},"author":1,"featured_media":0,"parent":0,"menu_order":0,"comment_status":"closed","ping_status":"closed","template":"elementor_header_footer","meta":{"footnotes":""},"class_list":["post-11","page","type-page","status-publish","hentry"],"_links":{"self":[{"href":"https:\/\/www.antlerfinance.fi\/index.php\/wp-json\/wp\/v2\/pages\/11","targetHints":{"allow":["GET"]}}],"collection":[{"href":"https:\/\/www.antlerfinance.fi\/index.php\/wp-json\/wp\/v2\/pages"}],"about":[{"href":"https:\/\/www.antlerfinance.fi\/index.php\/wp-json\/wp\/v2\/types\/page"}],"author":[{"embeddable":true,"href":"https:\/\/www.antlerfinance.fi\/index.php\/wp-json\/wp\/v2\/users\/1"}],"replies":[{"embeddable":true,"href":"https:\/\/www.antlerfinance.fi\/index.php\/wp-json\/wp\/v2\/comments?post=11"}],"version-history":[{"count":13,"href":"https:\/\/www.antlerfinance.fi\/index.php\/wp-json\/wp\/v2\/pages\/11\/revisions"}],"predecessor-version":[{"id":118,"href":"https:\/\/www.antlerfinance.fi\/index.php\/wp-json\/wp\/v2\/pages\/11\/revisions\/118"}],"wp:attachment":[{"href":"https:\/\/www.antlerfinance.fi\/index.php\/wp-json\/wp\/v2\/media?parent=11"}],"curies":[{"name":"wp","href":"https:\/\/api.w.org\/{rel}","templated":true}]}}